{"id":7445,"date":"2021-06-21T13:34:40","date_gmt":"2021-06-21T11:34:40","guid":{"rendered":"http:\/\/www.softball.hr\/?page_id=7445"},"modified":"2021-06-21T14:26:59","modified_gmt":"2021-06-21T12:26:59","slug":"hrvatska-na-otvorenju-protiv-danske","status":"publish","type":"page","link":"https:\/\/www.softball.hr\/en\/hrvatska-na-otvorenju-protiv-danske\/","title":{"rendered":"Hrvatska na otvorenju protiv Danske"},"content":{"rendered":"<p>Prvi je dan natjecanja na Europskom prvenstvu za seniore. Na\u0161i de\u010dki su otvorili prvenstvo u Sezimovim Ustima protiv jake reprezentacije Danske. Hrvatska je izgubila 10:0 u utakmici koja je zavr\u0161ila u 4. inningu. Bruno Kukolja je pitchao 1 ining i Danci su mu udarili samo 2 hita, ali je pro\u0161etao 5 udara\u010da \u0161to je na kraju rezultiralo sa 6 osvojenih bodova Danske reprezentacije ve\u0107 u 1. iningu.<br>\nNakon njega je pitchersku poziciju preuzeo Kristijan Belas, koji je odbacao 2.1 ininga u kojem su mu protivnici udarili 6 hitova i pro\u0161etao je 3 udara\u010da. Hrvatska ekipa je odradila obranu bez gre\u0161ke, ali je bila slaba na palici, bez hita.<br>\nSljede\u0107a utakmica je danas u 15:30h protiv Slova\u010dke. Utakmicu mo\u017eete pratiti na ovom linku: https:\/\/www.playo.tv\/video\/Croatia-vs-Slovakia-3824.aspx<br>\nJedva \u010dekamo sljede\u0107i dvoboj i navijamo za na\u0161e!<\/p>\n\n\n<figure class=\"wp-block-image size-large\"><a href=\"https:\/\/www.softball.hr\/wp-content\/uploads\/2021\/06\/Muska-repka-2-3.jpeg\"><img loading=\"lazy\" width=\"768\" height=\"1024\" src=\"https:\/\/www.softball.hr\/wp-content\/uploads\/2021\/06\/Muska-repka-2-3.jpeg\" alt=\"\" class=\"wp-image-7457\" srcset=\"https:\/\/www.softball.hr\/wp-content\/uploads\/2021\/06\/Muska-repka-2-3.jpeg 768w, https:\/\/www.softball.hr\/wp-content\/uploads\/2021\/06\/Muska-repka-2-3-225x300.jpeg 225w, https:\/\/www.softball.hr\/wp-content\/uploads\/2021\/06\/Muska-repka-2-3-96x128.jpeg 96w, https:\/\/www.softball.hr\/wp-content\/uploads\/2021\/06\/Muska-repka-2-3-24x32.jpeg 24w, https:\/\/www.softball.hr\/wp-content\/uploads\/2021\/06\/Muska-repka-2-3-560x747.jpeg 560w\" sizes=\"(max-width: 768px) 100vw, 768px\" \/><\/a><\/figure>\n","protected":false},"excerpt":{"rendered":"<p>Prvi je dan natjecanja na Europskom prvenstvu za seniore. Na\u0161i de\u010dki su otvorili prvenstvo u Sezimovim Ustima protiv jake reprezentacije Danske. Hrvatska je izgubila 10:0 u utakmici koja je zavr\u0161ila u 4. inningu. Bruno Kukolja je pitchao 1 ining i Danci su mu udarili samo 2 hita, ali je pro\u0161etao 5 udara\u010da \u0161to je na<\/p>\n<p class=\"readmore\"><a class=\"btn-readmore\" href=\"https:\/\/www.softball.hr\/en\/hrvatska-na-otvorenju-protiv-danske\/\">Continue Reading &rarr;<\/a><\/p>\n","protected":false},"author":18,"featured_media":7446,"parent":0,"menu_order":0,"comment_status":"closed","ping_status":"closed","template":"","meta":[],"translation":{"provider":"WPGlobus","version":"2.6.5","language":"en","enabled_languages":["hr","en"],"languages":{"hr":{"title":true,"content":true,"excerpt":false},"en":{"title":false,"content":false,"excerpt":false}}},"_links":{"self":[{"href":"https:\/\/www.softball.hr\/en\/wp-json\/wp\/v2\/pages\/7445"}],"collection":[{"href":"https:\/\/www.softball.hr\/en\/wp-json\/wp\/v2\/pages"}],"about":[{"href":"https:\/\/www.softball.hr\/en\/wp-json\/wp\/v2\/types\/page"}],"author":[{"embeddable":true,"href":"https:\/\/www.softball.hr\/en\/wp-json\/wp\/v2\/users\/18"}],"replies":[{"embeddable":true,"href":"https:\/\/www.softball.hr\/en\/wp-json\/wp\/v2\/comments?post=7445"}],"version-history":[{"count":4,"href":"https:\/\/www.softball.hr\/en\/wp-json\/wp\/v2\/pages\/7445\/revisions"}],"predecessor-version":[{"id":7458,"href":"https:\/\/www.softball.hr\/en\/wp-json\/wp\/v2\/pages\/7445\/revisions\/7458"}],"wp:featuredmedia":[{"embeddable":true,"href":"https:\/\/www.softball.hr\/en\/wp-json\/wp\/v2\/media\/7446"}],"wp:attachment":[{"href":"https:\/\/www.softball.hr\/en\/wp-json\/wp\/v2\/media?parent=7445"}],"curies":[{"name":"wp","href":"https:\/\/api.w.org\/{rel}","templated":true}]}}