{"id":680,"date":"2015-04-26T19:06:51","date_gmt":"2015-04-26T17:06:51","guid":{"rendered":"http:\/\/www.softball.hr\/?page_id=680"},"modified":"2025-10-17T13:18:35","modified_gmt":"2025-10-17T11:18:35","slug":"hrvatsko-prvenstvo-muski-seniori","status":"publish","type":"page","link":"https:\/\/www.softball.hr\/en\/hrvatsko-prvenstvo-muski-seniori\/","title":{"rendered":"Croatian Championship Men"},"content":{"rendered":"<div class=\"sportspress\"><div class=\"sp-template sp-template-league-table\">\n\t<h4 class=\"sp-table-caption\">Seniori &#8211; Hrvatsko Prvenstvo 2020<\/h4><div class=\"sp-table-wrapper\"><table class=\"sp-league-table sp-data-table sp-sortable-table sp-scrollable-table sp-paginated-table\" data-sp-rows=\"10\"><thead><tr><th class=\"data-rank\">Pos<\/th><th class=\"data-name\">Team<\/th><th class=\"data-w\">W<\/th><th class=\"data-l\">L<\/th><th class=\"data-pct\">Pct<\/th><th class=\"data-rs\">RS<\/th><th class=\"data-ra\">RA<\/th><th class=\"data-bodovi\">Bodovi<\/th><\/tr><\/thead><tbody><tr class=\"odd sp-row-no-0\"><td class=\"data-rank\" data-label=\"Pos\">1<\/td><td class=\"data-name has-logo\" data-label=\"Team\"><a href=\"https:\/\/www.softball.hr\/en\/team\/softball-klub-medvednica\/\"><span class=\"team-logo\"><img width=\"128\" height=\"125\" src=\"https:\/\/www.softball.hr\/wp-content\/uploads\/2015\/04\/BSKMNOVOMedo-128x125.jpg\" class=\"attachment-sportspress-fit-icon size-sportspress-fit-icon wp-post-image\" alt=\"\" loading=\"lazy\" srcset=\"https:\/\/www.softball.hr\/wp-content\/uploads\/2015\/04\/BSKMNOVOMedo-128x125.jpg 128w, https:\/\/www.softball.hr\/wp-content\/uploads\/2015\/04\/BSKMNOVOMedo-300x293.jpg 300w, https:\/\/www.softball.hr\/wp-content\/uploads\/2015\/04\/BSKMNOVOMedo-32x32.jpg 32w, https:\/\/www.softball.hr\/wp-content\/uploads\/2015\/04\/BSKMNOVOMedo-64x64.jpg 64w, https:\/\/www.softball.hr\/wp-content\/uploads\/2015\/04\/BSKMNOVOMedo.jpg 434w\" sizes=\"(max-width: 128px) 100vw, 128px\" \/><\/span>Medvednica Mrki Medvedi<\/a><\/td><td class=\"data-w\" data-label=\"W\">9<\/td><td class=\"data-l\" data-label=\"L\">1<\/td><td class=\"data-pct\" data-label=\"Pct\">0.900<\/td><td class=\"data-rs\" data-label=\"RS\">111<\/td><td class=\"data-ra\" data-label=\"RA\">31<\/td><td class=\"data-bodovi\" data-label=\"Bodovi\">9<\/td><\/tr><tr class=\"even sp-row-no-1\"><td class=\"data-rank\" data-label=\"Pos\">2<\/td><td class=\"data-name has-logo\" data-label=\"Team\"><a href=\"https:\/\/www.softball.hr\/en\/team\/zagreb-giants\/\"><span class=\"team-logo\"><img width=\"128\" height=\"128\" src=\"https:\/\/www.softball.hr\/wp-content\/uploads\/2018\/04\/zagreb-giants-logo01-128x128.jpg\" class=\"attachment-sportspress-fit-icon size-sportspress-fit-icon wp-post-image\" alt=\"\" loading=\"lazy\" srcset=\"https:\/\/www.softball.hr\/wp-content\/uploads\/2018\/04\/zagreb-giants-logo01-128x128.jpg 128w, https:\/\/www.softball.hr\/wp-content\/uploads\/2018\/04\/zagreb-giants-logo01-150x150.jpg 150w, https:\/\/www.softball.hr\/wp-content\/uploads\/2018\/04\/zagreb-giants-logo01-32x32.jpg 32w, https:\/\/www.softball.hr\/wp-content\/uploads\/2018\/04\/zagreb-giants-logo01-64x64.jpg 64w, https:\/\/www.softball.hr\/wp-content\/uploads\/2018\/04\/zagreb-giants-logo01.jpg 200w\" sizes=\"(max-width: 128px) 100vw, 128px\" \/><\/span>Zagreb Giants<\/a><\/td><td class=\"data-w\" data-label=\"W\">8<\/td><td class=\"data-l\" data-label=\"L\">2<\/td><td class=\"data-pct\" data-label=\"Pct\">0.800<\/td><td class=\"data-rs\" data-label=\"RS\">101<\/td><td class=\"data-ra\" data-label=\"RA\">25<\/td><td class=\"data-bodovi\" data-label=\"Bodovi\">8<\/td><\/tr><tr class=\"odd sp-row-no-2\"><td class=\"data-rank\" data-label=\"Pos\">3<\/td><td class=\"data-name has-logo\" data-label=\"Team\"><a href=\"https:\/\/www.softball.hr\/en\/team\/sk-span\/\"><span class=\"team-logo\"><img width=\"128\" height=\"44\" src=\"https:\/\/www.softball.hr\/wp-content\/uploads\/2015\/04\/span-128x44.png\" class=\"attachment-sportspress-fit-icon size-sportspress-fit-icon wp-post-image\" alt=\"\" loading=\"lazy\" srcset=\"https:\/\/www.softball.hr\/wp-content\/uploads\/2015\/04\/span-128x44.png 128w, https:\/\/www.softball.hr\/wp-content\/uploads\/2015\/04\/span-300x103.png 300w, https:\/\/www.softball.hr\/wp-content\/uploads\/2015\/04\/span-32x11.png 32w, https:\/\/www.softball.hr\/wp-content\/uploads\/2015\/04\/span.png 750w\" sizes=\"(max-width: 128px) 100vw, 128px\" \/><\/span>Span<\/a><\/td><td class=\"data-w\" data-label=\"W\">7<\/td><td class=\"data-l\" data-label=\"L\">3<\/td><td class=\"data-pct\" data-label=\"Pct\">0.700<\/td><td class=\"data-rs\" data-label=\"RS\">113<\/td><td class=\"data-ra\" data-label=\"RA\">45<\/td><td class=\"data-bodovi\" data-label=\"Bodovi\">7<\/td><\/tr><tr class=\"even sp-row-no-3\"><td class=\"data-rank\" data-label=\"Pos\">4<\/td><td class=\"data-name has-logo\" data-label=\"Team\"><a href=\"www.pink-panthers.hr\"><span class=\"team-logo\"><img width=\"128\" height=\"71\" src=\"https:\/\/www.softball.hr\/wp-content\/uploads\/2015\/04\/panthers-logo-128x71.png\" class=\"attachment-sportspress-fit-icon size-sportspress-fit-icon wp-post-image\" alt=\"\" loading=\"lazy\" srcset=\"https:\/\/www.softball.hr\/wp-content\/uploads\/2015\/04\/panthers-logo-128x71.png 128w, https:\/\/www.softball.hr\/wp-content\/uploads\/2015\/04\/panthers-logo-300x167.png 300w, https:\/\/www.softball.hr\/wp-content\/uploads\/2015\/04\/panthers-logo-32x18.png 32w, https:\/\/www.softball.hr\/wp-content\/uploads\/2015\/04\/panthers-logo-682x380.png 682w, https:\/\/www.softball.hr\/wp-content\/uploads\/2015\/04\/panthers-logo-400x222.png 400w, https:\/\/www.softball.hr\/wp-content\/uploads\/2015\/04\/panthers-logo-296x164.png 296w, https:\/\/www.softball.hr\/wp-content\/uploads\/2015\/04\/panthers-logo-280x155.png 280w, https:\/\/www.softball.hr\/wp-content\/uploads\/2015\/04\/panthers-logo.png 800w\" sizes=\"(max-width: 128px) 100vw, 128px\" \/><\/span>\u0160pansko Panthers<\/a><\/td><td class=\"data-w\" data-label=\"W\">3<\/td><td class=\"data-l\" data-label=\"L\">7<\/td><td class=\"data-pct\" data-label=\"Pct\">0.300<\/td><td class=\"data-rs\" data-label=\"RS\">82<\/td><td class=\"data-ra\" data-label=\"RA\">120<\/td><td class=\"data-bodovi\" data-label=\"Bodovi\">3<\/td><\/tr><tr class=\"odd sp-row-no-4\"><td class=\"data-rank\" data-label=\"Pos\">5<\/td><td class=\"data-name has-logo\" data-label=\"Team\"><a href=\"https:\/\/www.softball.hr\/en\/team\/donat\/\"><span class=\"team-logo\"><img width=\"128\" height=\"66\" src=\"https:\/\/www.softball.hr\/wp-content\/uploads\/2018\/04\/don2-128x66.jpg\" class=\"attachment-sportspress-fit-icon size-sportspress-fit-icon wp-post-image\" alt=\"\" loading=\"lazy\" srcset=\"https:\/\/www.softball.hr\/wp-content\/uploads\/2018\/04\/don2-128x66.jpg 128w, https:\/\/www.softball.hr\/wp-content\/uploads\/2018\/04\/don2-300x155.jpg 300w, https:\/\/www.softball.hr\/wp-content\/uploads\/2018\/04\/don2-768x397.jpg 768w, https:\/\/www.softball.hr\/wp-content\/uploads\/2018\/04\/don2-32x17.jpg 32w, https:\/\/www.softball.hr\/wp-content\/uploads\/2018\/04\/don2-560x289.jpg 560w, https:\/\/www.softball.hr\/wp-content\/uploads\/2018\/04\/don2.jpg 960w\" sizes=\"(max-width: 128px) 100vw, 128px\" \/><\/span>Donat Zadar<\/a><\/td><td class=\"data-w\" data-label=\"W\">3<\/td><td class=\"data-l\" data-label=\"L\">7<\/td><td class=\"data-pct\" data-label=\"Pct\">0.300<\/td><td class=\"data-rs\" data-label=\"RS\">68<\/td><td class=\"data-ra\" data-label=\"RA\">128<\/td><td class=\"data-bodovi\" data-label=\"Bodovi\">3<\/td><\/tr><tr class=\"even sp-row-no-5\"><td class=\"data-rank\" data-label=\"Pos\">6<\/td><td class=\"data-name has-logo\" data-label=\"Team\"><a href=\"https:\/\/www.softball.hr\/en\/team\/softball-klub-dubrava\/\"><span class=\"team-logo\"><img width=\"100\" height=\"94\" src=\"https:\/\/www.softball.hr\/wp-content\/uploads\/2015\/04\/dubrava-logo.png\" class=\"attachment-sportspress-fit-icon size-sportspress-fit-icon wp-post-image\" alt=\"\" loading=\"lazy\" srcset=\"https:\/\/www.softball.hr\/wp-content\/uploads\/2015\/04\/dubrava-logo.png 100w, https:\/\/www.softball.hr\/wp-content\/uploads\/2015\/04\/dubrava-logo-32x30.png 32w\" sizes=\"(max-width: 100px) 100vw, 100px\" \/><\/span>Dubrava<\/a><\/td><td class=\"data-w\" data-label=\"W\">0<\/td><td class=\"data-l\" data-label=\"L\">10<\/td><td class=\"data-pct\" data-label=\"Pct\">0.000<\/td><td class=\"data-rs\" data-label=\"RS\">52<\/td><td class=\"data-ra\" data-label=\"RA\">178<\/td><td class=\"data-bodovi\" data-label=\"Bodovi\">0<\/td><\/tr><\/tbody><\/table><\/div><\/div>\n<\/div><\/p>\n<!-- \/wp:paragraph -->\n\n<!-- wp:heading {\"level\":4} -->\n<h4>Played games<\/h4>\n<!-- \/wp:heading -->\n\n<!-- wp:paragraph -->\n<p>06.06.2020. u 16:00 <a href=\"https:\/\/www.softball.hr\/dokumenti-files\/zapisnik\/2020\/20200606_Span-Giants.pdf\" target=\"_blank\" rel=\"noopener\">Span &#8211; Giants<\/a> 2:1<br>06.06.2020. u 18:00 <a href=\"https:\/\/www.softball.hr\/dokumenti-files\/zapisnik\/2020\/20200606_Span-\u0160pansko.pdf\" target=\"_blank\" rel=\"noopener\">Span &#8211; \u0160pansko<\/a> 12:5<br>11.06.2020. u 15:00 <a href=\"https:\/\/www.softball.hr\/dokumenti-files\/zapisnik\/2020\/20200611_\u0160pansko-Medvednica.pdf\" target=\"_blank\" rel=\"noopener\">\u0160pansko &#8211; Medvednica<\/a> 1:16<br>11.06.2020. u 17:00 <a href=\"https:\/\/www.softball.hr\/dokumenti-files\/zapisnik\/2020\/20200611_Medvednica-\u0160pansko.pdf\" target=\"_blank\" rel=\"noopener\">Medvednica &#8211; \u0160pansko<\/a> 16:5<br>14.06.2020. u 10:30 <a href=\"https:\/\/www.softball.hr\/dokumenti-files\/zapisnik\/2020\/20200614_Medvednica-Giants.pdf\" target=\"_blank\" rel=\"noopener\">Medvednica &#8211; Giants<\/a> 8:9<br>14.06.2020. u 12:30 <a href=\"https:\/\/www.softball.hr\/dokumenti-files\/zapisnik\/2020\/20200614_Giants-Dubrava.pdf\" target=\"_blank\" rel=\"noopener\">Giants &#8211; Dubrava<\/a> 10:3<br>14.06.2020. u 12:00 <a href=\"https:\/\/www.softball.hr\/dokumenti-files\/zapisnik\/2020\/20200614_Donat-Span.pdf\" target=\"_blank\" rel=\"noopener\">Donat &#8211; Span<\/a> 7:17<br>14.06.2020. u 14:00 <a href=\"https:\/\/www.softball.hr\/dokumenti-files\/zapisnik\/2020\/20200614_\u0160pansko-Span.pdf\" target=\"_blank\" rel=\"noopener\">\u0160pansko &#8211; Span<\/a> 1:20<br>14.06.2020. u 16:00 <a href=\"https:\/\/www.softball.hr\/dokumenti-files\/zapisnik\/2020\/20200614_Donat-\u0160pansko.pdf\" target=\"_blank\" rel=\"noopener\">Donat &#8211; \u0160pansko<\/a> 16:15<br>20.06.2020. u 10:00 <a href=\"https:\/\/www.softball.hr\/dokumenti-files\/zapisnik\/2020\/20200620_Span-Dubrava.pdf\" target=\"_blank\" rel=\"noopener\">Span- Dubrava<\/a> 15:0<br>21.06.2020. u 17:00 <a href=\"https:\/\/www.softball.hr\/dokumenti-files\/zapisnik\/2020\/20200621_\u0160pansko-Giants.pdf\" target=\"_blank\" rel=\"noopener\">\u0160pansko- Giants<\/a> 0:16<br>22.06.2020. u 12:00 Giants &#8211; Span 7:0<br>04.07.2020. u 12:00 <a href=\"https:\/\/www.softball.hr\/dokumenti-files\/zapisnik\/2020\/20200704_Dubrava-Span.pdf\" target=\"_blank\" rel=\"noopener\">Dubrava &#8211; Span<\/a> 3:28<br>05.07.2020. u 15:00 <a href=\"https:\/\/www.softball.hr\/dokumenti-files\/zapisnik\/2020\/20200705_Giants-Medvednica.pdf\" target=\"_blank\" rel=\"noopener\">Giants &#8211; Medvednica<\/a> 1:9<br>05.07.2020. u 15:00 <a href=\"https:\/\/www.softball.hr\/dokumenti-files\/zapisnik\/2020\/20200705_Span-Donat-Span.pdf\" target=\"_blank\" rel=\"noopener\">Span &#8211; Donat<\/a> 12:5<br>05.07.2020. u 15:00 Zadar &#8211; Dubrava 7:0<br>12.07.2020. u 11:00 <a href=\"https:\/\/www.softball.hr\/dokumenti-files\/zapisnik\/2020\/20200712_Dubrava-Donat.pdf\" target=\"_blank\" rel=\"noopener\">Dubrava &#8211; Donat<\/a> 24:30<br>12.07.2020. u 15:00 <a href=\"https:\/\/www.softball.hr\/dokumenti-files\/zapisnik\/2020\/20200712_Giants-Donat.pdf\" target=\"_blank\" rel=\"noopener\">Giants &#8211; Donat<\/a> 14:2<br>12.07.2020. u 17:00 <a href=\"https:\/\/www.softball.hr\/dokumenti-files\/zapisnik\/2020\/20200712_Medvednica-Span.pdf\" target=\"_blank\" rel=\"noopener\">Medvednica &#8211; Span<\/a> 11:4<br>05.09.2020. u 10:00 <a href=\"https:\/\/www.softball.hr\/dokumenti-files\/zapisnik\/2020\/20200905_\u0160pansko-Dubrava.pdf\" target=\"_blank\" rel=\"noopener\">\u0160pansko &#8211; Dubrava<\/a> 26:2<br>05.09.2020. u 12:00 <a href=\"https:\/\/www.softball.hr\/dokumenti-files\/zapisnik\/2020\/20200905_\u0160pansko-Donat.pdf\" target=\"_blank\" rel=\"noopener\">\u0160pansko &#8211; Donat<\/a> 15:0<br>05.09.2020. u 14:00 <a href=\"https:\/\/www.softball.hr\/dokumenti-files\/zapisnik\/2020\/20200905_Donat-Giants.pdf\" target=\"_blank\" rel=\"noopener\">Donat &#8211; Giants<\/a> 1:17<br>10.09.2020. u 16:30 <a href=\"https:\/\/www.softball.hr\/dokumenti-files\/zapisnik\/2020\/20200910_Medvednica-Dubrava.pdf\" target=\"_blank\" rel=\"noopener\">Medvednica &#8211; Dubrava<\/a> 18:8<br>10.09.2020. u 18:00 <a href=\"https:\/\/www.softball.hr\/dokumenti-files\/zapisni\/2020\/20200910_Dubrava-Medvednica.pdf\" target=\"_blank\" rel=\"noopener\">Dubrava &#8211; Medvednica<\/a> 0:15<br>12.09.2020. u 17:00 <a href=\"https:\/\/www.softball.hr\/dokumenti-files\/zapisnik\/2020\/20200912_20200912_ Dubrava - Giants.pdf\" target=\"_blank\" rel=\"noopener\">Dubrava &#8211; Giants<\/a> 0:16<br>13.09.2020. u 10:00 <a href=\"https:\/\/www.softball.hr\/dokumenti-files\/zapisnik\/2020\/20200913_Dubrava-\u0160pansko.pdf\" target=\"_blank\" rel=\"noopener\">Dubrava &#8211; \u0160pansko<\/a> 12:14<br>13.09.2020. u 12:00 <a href=\"https:\/\/www.softball.hr\/dokumenti-files\/zapisnik\/2020\/20200913_Giants-\u0160pansko.pdf\" target=\"_blank\" rel=\"noopener\">Giants &#8211; \u0160pansko<\/a> 10:0<br>13.09.2020. u 14:00 <a href=\"https:\/\/www.softball.hr\/dokumenti-files\/zapisnik\/2020\/20200913_Medvednica-Span.pdf\" target=\"_blank\" rel=\"noopener\">Span &#8211; Medvednica<\/a> 3:5<br>13.09.2020. u 16:00 Medvednica &#8211; Zadar 7:0<br>13.09.2020. u 18:00 Zadar &#8211; Medvednica 0:7<\/p>\n<!-- \/wp:paragraph -->\n\n<!-- wp:heading {\"level\":4} -->\n<h4>PLAY OFF<\/h4>\n<!-- \/wp:heading -->\n\n<!-- wp:paragraph -->\n<p>04.10.2020. u 16:00 <a href=\"https:\/\/www.softball.hr\/dokumenti-files\/zapisnik\/2020\/20201004_Medvednica-Giants.pdf\" target=\"_blank\" rel=\"noopener\">Medvednica &#8211; Giants<\/a> 14:7 (1:0)<\/p>\n<!-- \/wp:paragraph -->\n\n<!-- wp:paragraph -->\n<p>10.10.2020. u 14:00 <a href=\"https:\/\/www.softball.hr\/dokumenti-files\/zapisnik\/2020\/20201010_Gia-Med2.pdf\" target=\"_blank\" rel=\"noopener\">Giants &#8211; Medvednica<\/a> 1:0 (1:1)<\/p>\n<!-- \/wp:paragraph -->\n\n<!-- wp:paragraph -->\n<p>11.10.2020. u 14:30 <a href=\"https:\/\/www.softball.hr\/dokumenti-files\/zapisnik\/2020\/20201011_Med-Gia3.pdf\" target=\"_blank\" rel=\"noopener\">Medvednica &#8211; Giants<\/a> 0:14 (1:2)<\/p>\n<!-- \/wp:paragraph -->\n\n<!-- wp:paragraph -->\n<p>17.10.2020. u 12:00 <a href=\"https:\/\/www.softball.hr\/dokumenti-files\/zapisnik\/2020\/20201017_Gia-Med4.pdf\" target=\"_blank\" rel=\"noopener\">Giants &#8211; Medvednica<\/a> 2:6 (2:2)<\/p>\n<!-- \/wp:paragraph -->\n\n<!-- wp:paragraph -->\n<p>18.10.2020. u 14:30 <a href=\"https:\/\/www.softball.hr\/dokumenti-files\/zapisnik\/2020\/20201018_Med-Gia5.pdf\" target=\"_blank\" rel=\"noopener\">Medvednica &#8211; Giants<\/a> 8:2 (3:2)<\/p>\n<!-- \/wp:paragraph -->\n\n<!-- wp:paragraph -->\n<p>","protected":false},"excerpt":{"rendered":"<p>Played games 06.06.2020. u 16:00 Span &#8211; Giants 2:106.06.2020. u 18:00 Span &#8211; \u0160pansko 12:511.06.2020. u 15:00 \u0160pansko &#8211; Medvednica 1:1611.06.2020. u 17:00 Medvednica &#8211; \u0160pansko 16:514.06.2020. u 10:30 Medvednica &#8211; Giants 8:914.06.2020. u 12:30 Giants &#8211; Dubrava 10:314.06.2020. u 12:00 Donat &#8211; Span 7:1714.06.2020. u 14:00 \u0160pansko &#8211; Span 1:2014.06.2020. u 16:00 Donat &#8211;<\/p>\n<p class=\"readmore\"><a class=\"btn-readmore\" href=\"https:\/\/www.softball.hr\/en\/hrvatsko-prvenstvo-muski-seniori\/\">Continue Reading &rarr;<\/a><\/p>\n","protected":false},"author":18,"featured_media":0,"parent":0,"menu_order":0,"comment_status":"closed","ping_status":"closed","template":"page-fullwidth.php","meta":[],"translation":{"provider":"WPGlobus","version":"2.6.5","language":"en","enabled_languages":["hr","en"],"languages":{"hr":{"title":true,"content":true,"excerpt":false},"en":{"title":true,"content":true,"excerpt":false}}},"_links":{"self":[{"href":"https:\/\/www.softball.hr\/en\/wp-json\/wp\/v2\/pages\/680"}],"collection":[{"href":"https:\/\/www.softball.hr\/en\/wp-json\/wp\/v2\/pages"}],"about":[{"href":"https:\/\/www.softball.hr\/en\/wp-json\/wp\/v2\/types\/page"}],"author":[{"embeddable":true,"href":"https:\/\/www.softball.hr\/en\/wp-json\/wp\/v2\/users\/18"}],"replies":[{"embeddable":true,"href":"https:\/\/www.softball.hr\/en\/wp-json\/wp\/v2\/comments?post=680"}],"version-history":[{"count":323,"href":"https:\/\/www.softball.hr\/en\/wp-json\/wp\/v2\/pages\/680\/revisions"}],"predecessor-version":[{"id":10211,"href":"https:\/\/www.softball.hr\/en\/wp-json\/wp\/v2\/pages\/680\/revisions\/10211"}],"wp:attachment":[{"href":"https:\/\/www.softball.hr\/en\/wp-json\/wp\/v2\/media?parent=680"}],"curies":[{"name":"wp","href":"https:\/\/api.w.org\/{rel}","templated":true}]}}