{"id":57,"date":"2015-04-15T16:56:39","date_gmt":"2015-04-15T14:56:39","guid":{"rendered":"http:\/\/www.softball.hr\/?page_id=57"},"modified":"2025-09-27T18:06:05","modified_gmt":"2025-09-27T16:06:05","slug":"kup","status":"publish","type":"page","link":"https:\/\/www.softball.hr\/en\/kup\/","title":{"rendered":"Croatian Cup Men seniori \/kup"},"content":{"rendered":"<\/p>\n<p><!-- \/wp:paragraph --><\/p>\n<p><!-- wp:heading {\"level\":4} --><\/p>\n<h4>Played games<\/h4>\n<p><!-- \/wp:heading --><\/p>\n<p><!-- wp:paragraph --><\/p>\n<p>19.09.2020. u 14:00 <a href=\"https:\/\/www.softball.hr\/dokumenti-files\/zapisnik\/2020\/20200919_Giants-Dubrava kup.pdf\" target=\"_blank\" rel=\"noopener\">Giants &#8211; Dubrava<\/a> 12:1<\/p>\n<p><!-- \/wp:paragraph --><\/p>\n<p><!-- wp:paragraph --><\/p>\n<p>20.09.2020. u 14:00 <a href=\"https:\/\/www.softball.hr\/dokumenti-files\/zapisnik\/2020\/20200920_Donat-\u0160pansko kup.pdf\" target=\"_blank\" rel=\"noopener\">Donat &#8211; \u0160pansko<\/a> 21:22<\/p>\n<p><!-- \/wp:paragraph --><\/p>\n<p><!-- wp:paragraph --><\/p>\n<p>20.09.2020. u 16:00 <a href=\"https:\/\/www.softball.hr\/dokumenti-files\/zapisnik\/2020\/20200920_Donat_Dubravakup.pdf\" target=\"_blank\" rel=\"noopener\">Donat &#8211; Dubrava<\/a> 7:17<\/p>\n<p><!-- \/wp:paragraph --><\/p>\n<p><!-- wp:paragraph --><\/p>\n<p>20.09.2020. u 18:00 <a href=\"https:\/\/www.softball.hr\/dokumenti-files\/zapisnik\/2020\/20200920_Span-\u0160pansko_kup.pdf\" target=\"_blank\" rel=\"noopener\">Span &#8211; \u0160pansko<\/a> 15:0<\/p>\n<p><!-- \/wp:paragraph --><\/p>\n<p><!-- wp:paragraph --><\/p>\n<p>27.09.2020. u 14:30 <a href=\"https:\/\/www.softball.hr\/dokumenti-files\/zapisnik\/2020\/20200927_Medvednica-Giants_kup.pdf\" target=\"_blank\" rel=\"noopener\">Medvednica &#8211; Giants<\/a> 2:9<\/p>\n<p><!-- \/wp:paragraph --><\/p>\n<p><!-- wp:paragraph --><\/p>\n<p>27.09.2020. u 16:30 <a href=\"https:\/\/www.softball.hr\/dokumenti-files\/zapisnik\/2020\/20200927_Medvednica-\u0160pansko kup za 3 mjesto.pdf\" target=\"_blank\" rel=\"noopener\">Medvednica &#8211; \u0160pansko<\/a> 16:1 3th PLACE<\/p>\n<p><!-- \/wp:paragraph --><\/p>\n<p><!-- wp:paragraph --><\/p>\n<p>03.10.2020. u 16:00 <a href=\"https:\/\/www.softball.hr\/dokumenti-files\/zapisnik\/2020\/20201003_Span-Giants_kup finale.pdf\" target=\"_blank\" rel=\"noopener\">Span &#8211; Giants<\/a> 3:2 FINALE<\/p>\n<p><!-- \/wp:paragraph --><\/p>\n<p><!-- wp:paragraph --><\/p>\n<p>","protected":false},"excerpt":{"rendered":"<p>Played games 19.09.2020. u 14:00 Giants &#8211; Dubrava 12:1 20.09.2020. u 14:00 Donat &#8211; \u0160pansko 21:22 20.09.2020. u 16:00 Donat &#8211; Dubrava 7:17 20.09.2020. u 18:00 Span &#8211; \u0160pansko 15:0 27.09.2020. u 14:30 Medvednica &#8211; Giants 2:9 27.09.2020. u 16:30 Medvednica &#8211; \u0160pansko 16:1 3th PLACE 03.10.2020. u 16:00 Span &#8211; Giants 3:2 FINALE<\/p>\n","protected":false},"author":18,"featured_media":0,"parent":0,"menu_order":0,"comment_status":"closed","ping_status":"closed","template":"page-fullwidth.php","meta":[],"translation":{"provider":"WPGlobus","version":"2.6.5","language":"en","enabled_languages":["hr","en"],"languages":{"hr":{"title":true,"content":true,"excerpt":false},"en":{"title":true,"content":true,"excerpt":false}}},"_links":{"self":[{"href":"https:\/\/www.softball.hr\/en\/wp-json\/wp\/v2\/pages\/57"}],"collection":[{"href":"https:\/\/www.softball.hr\/en\/wp-json\/wp\/v2\/pages"}],"about":[{"href":"https:\/\/www.softball.hr\/en\/wp-json\/wp\/v2\/types\/page"}],"author":[{"embeddable":true,"href":"https:\/\/www.softball.hr\/en\/wp-json\/wp\/v2\/users\/18"}],"replies":[{"embeddable":true,"href":"https:\/\/www.softball.hr\/en\/wp-json\/wp\/v2\/comments?post=57"}],"version-history":[{"count":102,"href":"https:\/\/www.softball.hr\/en\/wp-json\/wp\/v2\/pages\/57\/revisions"}],"predecessor-version":[{"id":10156,"href":"https:\/\/www.softball.hr\/en\/wp-json\/wp\/v2\/pages\/57\/revisions\/10156"}],"wp:attachment":[{"href":"https:\/\/www.softball.hr\/en\/wp-json\/wp\/v2\/media?parent=57"}],"curies":[{"name":"wp","href":"https:\/\/api.w.org\/{rel}","templated":true}]}}