{"id":430,"date":"2015-04-21T20:31:53","date_gmt":"2015-04-21T18:31:53","guid":{"rendered":"http:\/\/www.softball.hr\/?page_id=430"},"modified":"2018-10-31T13:55:20","modified_gmt":"2018-10-31T12:55:20","slug":"1997-2","status":"publish","type":"page","link":"https:\/\/www.softball.hr\/en\/1997-2\/","title":{"rendered":"1997."},"content":{"rendered":"<p>{:hr}<strong>\u017eene<\/strong><\/p>\n<p><strong>Prvenstvo Hrvatske<\/strong><\/p>\n<ol>\n<li>Princ Zagreb<\/li>\n<li>Olimpija<\/li>\n<li>Nada<\/li>\n<li>Vindija<\/li>\n<li>Medvednica<\/li>\n<li>Hrvatski dragovoljac<\/li>\n<\/ol>\n<p>\u00a0<\/p>\n<p><strong>Kup Hrvatske<\/strong><\/p>\n<ol>\n<li>Princ Zagreb<\/li>\n<li>Olimpija<\/li>\n<li>Hrvatski dragovoljac<\/li>\n<li>Medvednica<\/li>\n<\/ol>\n<p>\u00a0<\/p>\n<p><strong>Europsko prvenstvo B divizija<\/strong><\/p>\n<p><strong>Prag (\u010ce\u0161ka) 30.06.-06.07.<\/strong><\/p>\n<ol>\n<li>Rusija<\/li>\n<li>Velika Britanija<\/li>\n<li>Slova\u010dka<\/li>\n<li>\u0160vicarska<\/li>\n<li>Njema\u010dka<\/li>\n<li>Norve\u0161ka<\/li>\n<li>Austrija<\/li>\n<li>Ukrajina<\/li>\n<li><strong>HRVATSKA<\/strong><\/li>\n<\/ol>\n<p>\u00a0<\/p>\n<p><strong>Kup pobjednika, B divizija<\/strong><\/p>\n<ol>\n<li>Brasschaat (Belgija) 08.-14.09.<\/li>\n<li>Brasschaat (BEL)<\/li>\n<li>Vienna Razorbacks (AUT)<\/li>\n<li>Rivas Vaciamadrid (ESP)<\/li>\n<li>Mannheim Tornados (GER)<\/li>\n<li>Barracudas Zurich (SUI)<\/li>\n<li><strong>PRINC ZAGREB (CRO)<\/strong><\/li>\n<li>Slavia STU Cadabra (SVK)<\/li>\n<li>Meteors London (GBR)<\/li>\n<\/ol>\n","protected":false},"excerpt":{"rendered":"<p>{:hr}\u017eene Prvenstvo Hrvatske Princ Zagreb Olimpija Nada Vindija Medvednica Hrvatski dragovoljac \u00a0 Kup Hrvatske Princ Zagreb Olimpija Hrvatski dragovoljac Medvednica \u00a0 Europsko prvenstvo B divizija Prag (\u010ce\u0161ka) 30.06.-06.07. Rusija Velika Britanija Slova\u010dka \u0160vicarska Njema\u010dka Norve\u0161ka Austrija Ukrajina HRVATSKA \u00a0 Kup pobjednika, B divizija Brasschaat (Belgija) 08.-14.09. Brasschaat (BEL) Vienna Razorbacks (AUT) Rivas Vaciamadrid (ESP) Mannheim<\/p>\n<p class=\"readmore\"><a class=\"btn-readmore\" href=\"https:\/\/www.softball.hr\/en\/1997-2\/\">Continue Reading &rarr;<\/a><\/p>\n","protected":false},"author":18,"featured_media":0,"parent":0,"menu_order":0,"comment_status":"closed","ping_status":"closed","template":"","meta":[],"translation":{"provider":"WPGlobus","version":"2.6.5","language":"en","enabled_languages":["hr","en"],"languages":{"hr":{"title":true,"content":true,"excerpt":false},"en":{"title":false,"content":false,"excerpt":false}}},"_links":{"self":[{"href":"https:\/\/www.softball.hr\/en\/wp-json\/wp\/v2\/pages\/430"}],"collection":[{"href":"https:\/\/www.softball.hr\/en\/wp-json\/wp\/v2\/pages"}],"about":[{"href":"https:\/\/www.softball.hr\/en\/wp-json\/wp\/v2\/types\/page"}],"author":[{"embeddable":true,"href":"https:\/\/www.softball.hr\/en\/wp-json\/wp\/v2\/users\/18"}],"replies":[{"embeddable":true,"href":"https:\/\/www.softball.hr\/en\/wp-json\/wp\/v2\/comments?post=430"}],"version-history":[{"count":5,"href":"https:\/\/www.softball.hr\/en\/wp-json\/wp\/v2\/pages\/430\/revisions"}],"predecessor-version":[{"id":5273,"href":"https:\/\/www.softball.hr\/en\/wp-json\/wp\/v2\/pages\/430\/revisions\/5273"}],"wp:attachment":[{"href":"https:\/\/www.softball.hr\/en\/wp-json\/wp\/v2\/media?parent=430"}],"curies":[{"name":"wp","href":"https:\/\/api.w.org\/{rel}","templated":true}]}}