{"id":426,"date":"2015-04-21T20:23:26","date_gmt":"2015-04-21T18:23:26","guid":{"rendered":"http:\/\/www.softball.hr\/?page_id=426"},"modified":"2018-10-31T13:50:49","modified_gmt":"2018-10-31T12:50:49","slug":"1999-2","status":"publish","type":"page","link":"https:\/\/www.softball.hr\/en\/1999-2\/","title":{"rendered":"1999."},"content":{"rendered":"<p>{:hr}<strong>\u017eene<\/strong><\/p>\n<p><strong>Prvenstvo Hrvatske<\/strong><\/p>\n<ol>\n<li>Princ Zagreb<\/li>\n<li>Olimpija<\/li>\n<li>Hrvatski dragovoljac<\/li>\n<li>Sisak<\/li>\n<li>Medvednica<\/li>\n<li>Vindija<\/li>\n<\/ol>\n<p><strong>Kup Hrvatske<\/strong><\/p>\n<ol>\n<li>Princ Zagreb<\/li>\n<li>Olimpija<\/li>\n<li>Nada<\/li>\n<li>Hrvatski dragovoljac<\/li>\n<li>Medvednica<\/li>\n<li>Sisak<\/li>\n<\/ol>\n<p><strong>Europsko prvenstvo, B divizija<\/strong><\/p>\n<p><strong>Antwerpen (Belgija), 19.-20.07.<\/strong><\/p>\n<ol>\n<li>Njema\u010dka<\/li>\n<li>Velika Britanija<\/li>\n<li>Austrija<\/li>\n<li>Francuska<\/li>\n<li>\u0160vicarska<\/li>\n<li><strong>HRVATSKA<\/strong><\/li>\n<li>Slova\u010dka<\/li>\n<li>Ukrajina<\/li>\n<li>Norve\u0161ka<\/li>\n<\/ol>\n<p><strong>Kup pobjednika, B divizija<\/strong><\/p>\n<p><strong>Rivas Vaciamadrid (\u0160panjolska) 13.-19.09.<\/strong><\/p>\n<ol>\n<li>Rivas Vaciamadrid (ESP)<\/li>\n<li>Vienna Wanderers (AUT)<\/li>\n<li>Barracudas Zurich (SUI)<\/li>\n<li>Mannheim Tornados (GER)<\/li>\n<li>Chicaboo&#8217;s (BEL)<\/li>\n<li>Horsholm (DEN)<\/li>\n<li>Angels (GUE)<\/li>\n<li><strong>PRINC ZAGREB (CRO)<\/strong><\/li>\n<li>Meteors London (GBR)<\/li>\n<\/ol>\n<p>\u00a0<\/p>\n<p><strong>Kup pobjednika kupova, B divizija<\/strong><\/p>\n<p><strong>Prag (\u010ce\u0161ka), 13-19.09.<\/strong><\/p>\n<ol>\n<li>Ufa Bashkiriya (RUS)<\/li>\n<li>Dornbirn Sharx (AUT)<\/li>\n<li>Spiders Bratislava (SVK)<\/li>\n<li>Flyers Therwil (SUI)<\/li>\n<li>Wesseling Vermins (GER)<\/li>\n<li>Akademics Sofia (BUL)<\/li>\n<li><strong>HRVATSKI DRAGOVOLJAC (CRO)<\/strong><\/li>\n<li>Honved Budapest (HUN)<\/li>\n<li>Bristol Blaze (GBR)<\/li>\n<\/ol>\n","protected":false},"excerpt":{"rendered":"<p>{:hr}\u017eene Prvenstvo Hrvatske Princ Zagreb Olimpija Hrvatski dragovoljac Sisak Medvednica Vindija Kup Hrvatske Princ Zagreb Olimpija Nada Hrvatski dragovoljac Medvednica Sisak Europsko prvenstvo, B divizija Antwerpen (Belgija), 19.-20.07. Njema\u010dka Velika Britanija Austrija Francuska \u0160vicarska HRVATSKA Slova\u010dka Ukrajina Norve\u0161ka Kup pobjednika, B divizija Rivas Vaciamadrid (\u0160panjolska) 13.-19.09. Rivas Vaciamadrid (ESP) Vienna Wanderers (AUT) Barracudas Zurich (SUI)<\/p>\n<p class=\"readmore\"><a class=\"btn-readmore\" href=\"https:\/\/www.softball.hr\/en\/1999-2\/\">Continue Reading &rarr;<\/a><\/p>\n","protected":false},"author":18,"featured_media":0,"parent":0,"menu_order":0,"comment_status":"closed","ping_status":"closed","template":"","meta":[],"translation":{"provider":"WPGlobus","version":"2.6.5","language":"en","enabled_languages":["hr","en"],"languages":{"hr":{"title":true,"content":true,"excerpt":false},"en":{"title":false,"content":false,"excerpt":false}}},"_links":{"self":[{"href":"https:\/\/www.softball.hr\/en\/wp-json\/wp\/v2\/pages\/426"}],"collection":[{"href":"https:\/\/www.softball.hr\/en\/wp-json\/wp\/v2\/pages"}],"about":[{"href":"https:\/\/www.softball.hr\/en\/wp-json\/wp\/v2\/types\/page"}],"author":[{"embeddable":true,"href":"https:\/\/www.softball.hr\/en\/wp-json\/wp\/v2\/users\/18"}],"replies":[{"embeddable":true,"href":"https:\/\/www.softball.hr\/en\/wp-json\/wp\/v2\/comments?post=426"}],"version-history":[{"count":7,"href":"https:\/\/www.softball.hr\/en\/wp-json\/wp\/v2\/pages\/426\/revisions"}],"predecessor-version":[{"id":5265,"href":"https:\/\/www.softball.hr\/en\/wp-json\/wp\/v2\/pages\/426\/revisions\/5265"}],"wp:attachment":[{"href":"https:\/\/www.softball.hr\/en\/wp-json\/wp\/v2\/media?parent=426"}],"curies":[{"name":"wp","href":"https:\/\/api.w.org\/{rel}","templated":true}]}}