{"id":387,"date":"2015-04-20T22:42:06","date_gmt":"2015-04-20T20:42:06","guid":{"rendered":"http:\/\/www.softball.hr\/?page_id=387"},"modified":"2026-02-16T10:47:15","modified_gmt":"2026-02-16T09:47:15","slug":"radna-tijela","status":"publish","type":"page","link":"https:\/\/www.softball.hr\/en\/radna-tijela\/","title":{"rendered":"Struktura saveza"},"content":{"rendered":"<h6>OFFICERS<\/h6>\n<h4><strong>CROATIAN SOFTBALL ASSOCIATION<\/strong><\/h4>\n<p>Trg K.\u0106osi\u0107a 11<br \/>\n10 000 Zagreb<br \/>\nHrvatska<\/p>\n<p>ID: 42297809133<\/p>\n<p>email: <a href=\"mailto:ured@softball.hr\">ured@softball.hr<\/a><\/p>\n<p>PRESIDENT: Juraj Sinkovi\u0107<br \/>\nSECRETARY GENERAL: Edna Hajak<\/p>\n<p>EXECUTIVE BOARD:\u00a0<a href=\"mailto:dcesar13@gmail.com\">Danijel Cesar<\/a>, <a href=\"skoposkeeper@yahoo.com\">Alen Magdaleni\u0107<\/a>, <a href=\"mailto:pcizmic@gmail.com\">Petra \u010cizmi\u0107 Pokrajac<\/a>, <a href=\"mailto:hajakv@gmail.com\">Vladimir Hajak<\/a>, <a href=\"mailto:dinko.regula@zg.t-com.hr\">Dinko Regula<\/a>, <a href=\"mailto:bayano2000@yahoo.com\">Nikica Pokrajac<\/a>, <a href=\"mailto:rovinj1@yahoo.com\">Luka Beki\u0107,\u00a0<\/a><a href=\"mailto:iva.pandzic@gmail.com\">Iva Mu\u017eini\u0107<\/a><br \/>\nSUPERVISORY BOARD: Ivan Balen, Filip Kne\u017eevi\u0107, Mislav Babi\u0107<\/p>\n<p>REPRESENTATIVE ON THE CROATIAN OLYMPIC COMMITTEE: Dijana Peri\u0107<br \/>\nCOMPETITION COMMISSIONER:<a href=\"mailto:dcesar13@gmail.com\"> Danijel Cesar<\/a><br \/>\nUMPIRES COMMISSIONER:\u00a0<a href=\"mailto:mirza.njuhovic@hotmail.com\">Mirza Njuhovi\u0107<\/a><br \/>\nSCOREKEEPER COMMISSIONER:\u00a0<a href=\"mailto:katprskalo@gmail.com\">Katarina Prskalo<\/a><\/p>\n","protected":false},"excerpt":{"rendered":"<p>OFFICERS CROATIAN SOFTBALL ASSOCIATION Trg K.\u0106osi\u0107a 11 10 000 Zagreb Hrvatska ID: 42297809133 email: ured@softball.hr PRESIDENT: Juraj Sinkovi\u0107 SECRETARY GENERAL: Edna Hajak EXECUTIVE BOARD:\u00a0Danijel Cesar, Alen Magdaleni\u0107, Petra \u010cizmi\u0107 Pokrajac, Vladimir Hajak, Dinko Regula, Nikica Pokrajac, Luka Beki\u0107,\u00a0Iva Mu\u017eini\u0107 SUPERVISORY BOARD: Ivan Balen, Filip Kne\u017eevi\u0107, Mislav Babi\u0107 REPRESENTATIVE ON THE CROATIAN OLYMPIC COMMITTEE: Dijana Peri\u0107<\/p>\n<p class=\"readmore\"><a class=\"btn-readmore\" href=\"https:\/\/www.softball.hr\/en\/radna-tijela\/\">Continue Reading &rarr;<\/a><\/p>\n","protected":false},"author":18,"featured_media":0,"parent":0,"menu_order":0,"comment_status":"closed","ping_status":"closed","template":"","meta":[],"translation":{"provider":"WPGlobus","version":"2.6.5","language":"en","enabled_languages":["hr","en"],"languages":{"hr":{"title":true,"content":true,"excerpt":false},"en":{"title":true,"content":true,"excerpt":false}}},"_links":{"self":[{"href":"https:\/\/www.softball.hr\/en\/wp-json\/wp\/v2\/pages\/387"}],"collection":[{"href":"https:\/\/www.softball.hr\/en\/wp-json\/wp\/v2\/pages"}],"about":[{"href":"https:\/\/www.softball.hr\/en\/wp-json\/wp\/v2\/types\/page"}],"author":[{"embeddable":true,"href":"https:\/\/www.softball.hr\/en\/wp-json\/wp\/v2\/users\/18"}],"replies":[{"embeddable":true,"href":"https:\/\/www.softball.hr\/en\/wp-json\/wp\/v2\/comments?post=387"}],"version-history":[{"count":35,"href":"https:\/\/www.softball.hr\/en\/wp-json\/wp\/v2\/pages\/387\/revisions"}],"predecessor-version":[{"id":10272,"href":"https:\/\/www.softball.hr\/en\/wp-json\/wp\/v2\/pages\/387\/revisions\/10272"}],"wp:attachment":[{"href":"https:\/\/www.softball.hr\/en\/wp-json\/wp\/v2\/media?parent=387"}],"curies":[{"name":"wp","href":"https:\/\/api.w.org\/{rel}","templated":true}]}}