{"id":385,"date":"2015-04-20T22:41:43","date_gmt":"2015-04-20T20:41:43","guid":{"rendered":"http:\/\/www.softball.hr\/?page_id=385"},"modified":"2025-10-29T13:47:39","modified_gmt":"2025-10-29T12:47:39","slug":"dokumenti","status":"publish","type":"page","link":"https:\/\/www.softball.hr\/en\/dokumenti\/","title":{"rendered":"Documents"},"content":{"rendered":"<p><strong>Statutes and regulations<\/strong><\/p>\n<p><a title=\"Statutes\" href=\"https:\/\/www.softball.hr\/dokumenti-files\/dokumenti\/statut-2018.pdf\" target=\"_blank\" rel=\"noopener\">Statutes<\/a> (od 28.9.2015.)<br \/>\n<a title=\"Stegovnik Hrvatskog Softball Saveza\" href=\"https:\/\/www.softball.hr\/dokumenti-files\/dokumenti\/stegovnik-2014.pdf\" target=\"_blank\" rel=\"noopener\">Stegovnik<\/a> (od 19.3.2014.)<br \/>\n<a title=\"Pravilnik o dr\u017eavnim reprezentacijama\" href=\"https:\/\/www.softball.hr\/dokumenti-files\/dokumenti\/pravilnik-reprezentacije.pdf\" target=\"_blank\" rel=\"noopener\">Pravilnik o dr\u017eavnim reprezentacijama<\/a>(od 13.3.2018.)<br \/>\n<a title=\"Registracijski pravilnik\" href=\"https:\/\/www.softball.hr\/dokumenti-files\/dokumenti\/pravilnik-registracija.pdf\" target=\"_blank\" rel=\"noopener\">Registracijski pravilnik<\/a> (od 28.9.2015.)<br \/>\n<a title=\"Natjecateljski pravilnik\" href=\"https:\/\/www.softball.hr\/dokumenti-files\/dokumenti\/pravilnik-natjecanja.pdf\" target=\"_blank\" rel=\"noopener\">Natjecateljski pravilnik<\/a> (od 13.3.2018.)<br \/>\n<a title=\"Poslovnik o radu skup\u0161tine\" href=\"https:\/\/www.softball.hr\/dokumenti-files\/dokumenti\/poslovnik-skupstina-2009.pdf\" target=\"_blank\" rel=\"noopener\">Poslovnik o radu skup\u0161tine<\/a><br \/>\n<a title=\"Propozicije za mla\u0111e dobne kategorije\" href=\"https:\/\/www.softball.hr\/dokumenti-files\/dokumenti\/propozicije-mladez-kadeti-2011.pdf\" target=\"_blank\" rel=\"noopener\">Propozicije natjecanja softball prvenstva RH za kategorije mlade\u017e i kadeti<\/a> (od 19.2.2011)<\/p>\n<p>&nbsp;<\/p>\n<p><strong>Edukacija<\/strong><\/p>\n<p><a title=\"Priru\u010dnik za suce\" href=\"https:\/\/www.softball.hr\/dokumenti-files\/edukacija\/prirucnik-za-suce.pdf\" target=\"_blank\" rel=\"noopener\">Priru\u010dnik za suce<\/a><\/p>\n<p>&nbsp;<\/p>\n<p><strong>Schedule<\/strong><\/p>\n<p><a title=\"Raspored utakmica za sezonu 2020\" href=\"https:\/\/www.softball.hr\/dokumenti-files\/Rasporedutakmicazasezonu2020.xlsx\" target=\"_blank\" rel=\"noopener\">Schedule 2020<\/a><\/p>\n<p>&nbsp;<\/p>\n<p><strong>Formulari<\/strong><\/p>\n<p><a title=\"Izvje\u0161\u0107e o utakmici\" href=\"https:\/\/www.softball.hr\/dokumenti-files\/dokumenti\/izvjesce.pdf\" target=\"_blank\" rel=\"noopener\">Izvje\u0161\u0107e o utakmici<\/a><br \/>\n<a title=\"Obrazac za ulaganje \u017ealbe\" href=\"https:\/\/www.softball.hr\/dokumenti-files\/dokumenti\/obrazac-za-ulaganje-zalbe.doc\" target=\"_blank\" rel=\"noopener\">Obrazac za ulaganje \u017ealbe<\/a><br \/>\n<a title=\"Prijava za natjecanja HSS-a\" href=\"https:\/\/www.softball.hr\/dokumenti-files\/dokumenti\/prijava-za-natjecanje-HSS-2018.doc\" target=\"_blank\" rel=\"noopener\">Prijava za natjecanja HSS-a<\/a><br \/>\n<a title=\"Zahtjev za prvu registraciju\" href=\"https:\/\/www.softball.hr\/dokumenti-files\/dokumenti\/zahtjev-za-prvu-registraciju-2016.doc\" target=\"_blank\" rel=\"noopener\">Zahtjev za prvu registraciju<\/a><br \/>\n<a title=\"Istupnica\" href=\"https:\/\/www.softball.hr\/dokumenti-files\/dokumenti\/istupnica-2011.doc\" target=\"_blank\" rel=\"noopener\">Istupnica<\/a><br \/>\n<a title=\"Molba za prijelaz\" href=\"https:\/\/www.softball.hr\/dokumenti-files\/dokumenti\/molba-za-prijelaz-2011.doc\" target=\"_blank\" rel=\"noopener\">Molba za prijelaz<\/a><\/p>\n<table>\n<tbody>\n<tr>\n<td><strong>Bilteni za 2020.<\/strong><br \/>\n<a href=\"https:\/\/www.softball.hr\/dokumenti-files\/bilten\/bilteni2019\/Zavr\u0161niHSSBiltenHSS2019br.28.pdf\" target=\"_blank\" rel=\"noopener\">Zavr\u0161ni HSS Bilten HSS 2019 br.28<\/a>\u00a0(01.12.2019.)<br \/>\n<a class=\"download\" href=\"https:\/\/www.softball.hr\/dokumenti-files\/bilten\/bilteni2020\/Bilten_HSS-01_2020.pdf\" target=\"_blank\" rel=\"noopener\">HSS Bilten 2020 br.1<\/a> (03.06.2020.)<br \/>\n<a class=\"download\" href=\"https:\/\/www.softball.hr\/dokumenti-files\/bilten\/bilteni2020\/Bilten_HSS-02_2020.pdf\" target=\"_blank\" rel=\"noopener\">HSS Bilten 2020 br.2<\/a> (08.06.2020.)<br \/>\n<a class=\"download\" href=\"https:\/\/www.softball.hr\/dokumenti-files\/bilten\/bilteni2020\/Bilten_HSS-03_2020.pdf\" target=\"_blank\" rel=\"noopener\">HSS Bilten 2020 br.3<\/a> (16.06.2020.)<br \/>\n<a class=\"download\" href=\"https:\/\/www.softball.hr\/dokumenti-files\/bilten\/bilteni2020\/Bilten_HSS-04_2020.pdf\" target=\"_blank\" rel=\"noopener\">HSS Bilten 2020 br.4<\/a> (20.06.2020.)<br \/>\n<a class=\"download\" href=\"https:\/\/www.softball.hr\/dokumenti-files\/bilten\/bilteni2020\/Bilten_HSS-05_2020.pdf\" target=\"_blank\" rel=\"noopener\">HSS Bilten 2020 br.5<\/a> (22.06.2020.)<br \/>\n<a class=\"download\" href=\"https:\/\/www.softball.hr\/dokumenti-files\/bilten\/bilteni2020\/Bilten_HSS-06_2020.pdf\" target=\"_blank\" rel=\"noopener\">HSS Bilten 2020 br.6<\/a> (25.06.2020.)<br \/>\n<a class=\"download\" href=\"https:\/\/www.softball.hr\/dokumenti-files\/bilten\/bilteni2020\/Bilten_HSS-07_2020.pdf\" target=\"_blank\" rel=\"noopener\">HSS Bilten 2020 br.7<\/a> (27.06.2020.)<br \/>\n<a class=\"download\" href=\"https:\/\/www.softball.hr\/dokumenti-files\/bilten\/bilteni2020\/Bilten_HSS-08_2020.pdf\" target=\"_blank\" rel=\"noopener\">HSS Bilten 2020 br.8<\/a> (30.06.2020.)<br \/>\n<a class=\"download\" href=\"https:\/\/www.softball.hr\/dokumenti-files\/bilten\/bilteni2020\/Bilten_HSS-09_2020.pdf\" target=\"_blank\" rel=\"noopener\">HSS Bilten 2020 br.9<\/a> (01.07.2020.)<br \/>\n<a class=\"download\" href=\"https:\/\/www.softball.hr\/dokumenti-files\/bilten\/bilteni2020\/Bilten_HSS-10_2020.pdf\" target=\"_blank\" rel=\"noopener\">HSS Bilten 2020 br.10<\/a> (06.07.2020.)<br \/>\n<a class=\"download\" href=\"https:\/\/www.softball.hr\/dokumenti-files\/bilten\/bilteni2020\/Bilten_HSS-11_2020.pdf\" target=\"_blank\" rel=\"noopener\">HSS Bilten 2020 br.11<\/a> (14.07.2020.)<br \/>\n<a class=\"download\" href=\"https:\/\/www.softball.hr\/dokumenti-files\/bilten\/bilteni2020\/Bilten_HSS-12_2020.pdf\" target=\"_blank\" rel=\"noopener\">HSS Bilten 2020 br.12<\/a> (31.08.2020.)<br \/>\n<a class=\"download\" href=\"https:\/\/www.softball.hr\/dokumenti-files\/bilten\/bilteni2020\/Bilten_HSS-13_2020.pdf\" target=\"_blank\" rel=\"noopener\">HSS Bilten 2020 br.13<\/a> (07.09.2020.)<br \/>\n<a class=\"download\" href=\"https:\/\/www.softball.hr\/dokumenti-files\/bilten\/bilteni2020\/Bilten_HSS-14_2020.pdf\" target=\"_blank\" rel=\"noopener\">HSS Bilten 2020 br.14<\/a> (11.09.2020.)<br \/>\n<a class=\"download\" href=\"https:\/\/www.softball.hr\/dokumenti-files\/bilten\/bilteni2020\/Bilten_HSS-15_2020.pdf\" target=\"_blank\" rel=\"noopener\">HSS Bilten 2020 br.15<\/a> (14.09.2020.)<br \/>\n<a class=\"download\" href=\"https:\/\/www.softball.hr\/dokumenti-files\/bilten\/bilteni2020\/Bilten_HSS-16_2020.pdf\" target=\"_blank\" rel=\"noopener\">HSS Bilten 2020 br.16<\/a> (16.09.2020.)<br \/>\n<a class=\"download\" href=\"https:\/\/www.softball.hr\/dokumenti-files\/bilten\/bilteni2020\/Bilten_HSS-17_2020.pdf\" target=\"_blank\" rel=\"noopener\">HSS Bilten 2020 br.17<\/a> (21.09.2020.)<br \/>\n<a class=\"download\" href=\"https:\/\/www.softball.hr\/dokumenti-files\/bilten\/bilteni2020\/Bilten_HSS-18_2020.pdf\" target=\"_blank\" rel=\"noopener\">HSS Bilten 2020 br.18<\/a> (28.09.2020.)<br \/>\n<a class=\"download\" href=\"https:\/\/www.softball.hr\/dokumenti-files\/bilten\/bilteni2020\/Bilten_HSS-19_2020.pdf\" target=\"_blank\" rel=\"noopener\">HSS Bilten 2020 br.19<\/a> (05.10.2020.)<br \/>\n<a class=\"download\" href=\"https:\/\/www.softball.hr\/dokumenti-files\/bilten\/bilteni2020\/Bilten_HSS-20_2020.pdf\" target=\"_blank\" rel=\"noopener\">HSS Bilten 2020 br.20<\/a> (12.10.2020.)<br \/>\n<a class=\"download\" href=\"https:\/\/www.softball.hr\/dokumenti-files\/bilten\/bilteni2020\/Bilten_HSS-21_2020.pdf\" target=\"_blank\" rel=\"noopener\">HSS Bilten 2020 br.21<\/a> (19.10.2020.)<br \/>\n<a class=\"download\" href=\"https:\/\/www.softball.hr\/dokumenti-files\/bilten\/bilteni2020\/Bilten_HSS-22_2020.pdf\" target=\"_blank\" rel=\"noopener\">HSS Bilten 2020 br.22<\/a> (23.10.2020.)<br \/>\n<a class=\"download\" href=\"https:\/\/www.softball.hr\/dokumenti-files\/bilten\/bilteni2020\/Bilten_HSS-23_2020.pdf\" target=\"_blank\" rel=\"noopener\">HSS Bilten 2020 br.23<\/a> (03.11.2020.)<\/td>\n<td style=\"vertical-align: top; padding-left: 25px;\"><\/td>\n<\/tr>\n<\/tbody>\n<\/table>\n<p>&nbsp;<\/p>\n","protected":false},"excerpt":{"rendered":"<p>Statutes and regulations Statutes (od 28.9.2015.) Stegovnik (od 19.3.2014.) Pravilnik o dr\u017eavnim reprezentacijama(od 13.3.2018.) Registracijski pravilnik (od 28.9.2015.) Natjecateljski pravilnik (od 13.3.2018.) Poslovnik o radu skup\u0161tine Propozicije natjecanja softball prvenstva RH za kategorije mlade\u017e i kadeti (od 19.2.2011) &nbsp; Edukacija Priru\u010dnik za suce &nbsp; Schedule Schedule 2020 &nbsp; Formulari Izvje\u0161\u0107e o utakmici Obrazac za ulaganje<\/p>\n<p class=\"readmore\"><a class=\"btn-readmore\" href=\"https:\/\/www.softball.hr\/en\/dokumenti\/\">Continue Reading &rarr;<\/a><\/p>\n","protected":false},"author":18,"featured_media":0,"parent":0,"menu_order":0,"comment_status":"closed","ping_status":"closed","template":"","meta":[],"translation":{"provider":"WPGlobus","version":"2.6.5","language":"en","enabled_languages":["hr","en"],"languages":{"hr":{"title":true,"content":true,"excerpt":false},"en":{"title":true,"content":true,"excerpt":false}}},"_links":{"self":[{"href":"https:\/\/www.softball.hr\/en\/wp-json\/wp\/v2\/pages\/385"}],"collection":[{"href":"https:\/\/www.softball.hr\/en\/wp-json\/wp\/v2\/pages"}],"about":[{"href":"https:\/\/www.softball.hr\/en\/wp-json\/wp\/v2\/types\/page"}],"author":[{"embeddable":true,"href":"https:\/\/www.softball.hr\/en\/wp-json\/wp\/v2\/users\/18"}],"replies":[{"embeddable":true,"href":"https:\/\/www.softball.hr\/en\/wp-json\/wp\/v2\/comments?post=385"}],"version-history":[{"count":361,"href":"https:\/\/www.softball.hr\/en\/wp-json\/wp\/v2\/pages\/385\/revisions"}],"predecessor-version":[{"id":10234,"href":"https:\/\/www.softball.hr\/en\/wp-json\/wp\/v2\/pages\/385\/revisions\/10234"}],"wp:attachment":[{"href":"https:\/\/www.softball.hr\/en\/wp-json\/wp\/v2\/media?parent=385"}],"curies":[{"name":"wp","href":"https:\/\/api.w.org\/{rel}","templated":true}]}}