{"id":373,"date":"2015-04-20T22:34:38","date_gmt":"2015-04-20T20:34:38","guid":{"rendered":"http:\/\/www.softball.hr\/?page_id=373"},"modified":"2018-10-31T14:00:04","modified_gmt":"2018-10-31T13:00:04","slug":"2008-2","status":"publish","type":"page","link":"https:\/\/www.softball.hr\/en\/2008-2\/","title":{"rendered":"2008."},"content":{"rendered":"<p>{:hr}<strong><a href=\"https:\/\/www.softball.hr\/utakmice-seniora-2008\/\">Utakmice seniora 2008<\/a><\/strong><\/p>\n<p><strong><a href=\"https:\/\/www.softball.hr\/statistika-seniora-2008\/\">Statistika seniora 2008<\/a><\/strong><\/p>\n<p><strong><a href=\"https:\/\/www.softball.hr\/utakmice-seniorki-2008\/\">Utakmice seniorki 2008<\/a><\/strong><\/p>\n<p><strong><a href=\"https:\/\/www.softball.hr\/statistika-seniorki-2008\/\">Statistika seniorki 2008<\/a><\/strong><\/p>\n<p><strong>Hrvatsko prvenstvo mladeA? konaA?ni poredak (2008)<\/strong><br \/>\n1. Princ Plavi 10<br \/>\n2. Princ \u017duti 8<br \/>\n3. Mrki Medvedi 4<br \/>\nNovi Zagreb 4 <div class=\"clearfix divider-sm \"><\/div><br \/>\n<strong>Kona\u010dni poredak Hrvatsko prvenstvo Kadeti 2008<\/strong><\/p>\n<p>1. Mrki Medvedi (I) 8<br \/>\n2. Princ \u017duti 7<br \/>\n3. Princ Plavi 5<br \/>\n4. Novi Zagreb 4<br \/>\n5. Mrki Medvedi (II) 1<div class=\"clearfix divider-sm \"><\/div><\/p>\n<p><strong>Kona\u010dni poredak Hrvatsko prvenstvo Juniori (m) 2008<\/strong><\/p>\n<p>1. Medvednica Mrki Medvedi<br \/>\n2. Princ Zagreb<div class=\"clearfix divider-sm \"><\/div><br \/>\n<strong>Kona\u010dni poredak Hrvatsko prvenstvo Juniorke (A?) 2008<\/strong><\/p>\n<p>1. Novi Zagreb<br \/>\n2. Olimpija<\/p>\n<p>\u00a0<\/p>\n<p><strong>REPREZENTACIJE<\/strong><\/p>\n<p><strong>EP SENIORI<br \/>\n<\/strong><strong>IX. Copenhagen (DEN) &#8211; 2008,A\ufffd<\/strong><strong style=\"line-height: 1.5;\">28 Jul &#8211; 2 Aug<\/strong><\/p>\n<p>1. Czech Republic (CZE)<br \/>\n2. Denmark (DEN)<br \/>\n3. Great Britain (GBR)<br \/>\n4. Netherlands (NED)<br \/>\n5. Belgium (BEL)<br \/>\n<strong>6. Croatia (CRO)<\/strong><br \/>\n7. Israel (ISR)<br \/>\n8. Slovakia (SVK)<br \/>\n<strong>EUROPEAN CUP WOMEN<\/strong><br \/>\n<strong>XV. (B) Prague (CZE) &#8211; 2008,A\ufffdSeptember 1st &#8211; 6th<\/strong><\/p>\n<p>1. Maroussi 2004 (GRE)<br \/>\n2. Titano Hornets (SMR)<br \/>\n3. Spiders Brtatislava TJS (SVK)<br \/>\n<strong>4. Princ Zagreb (CRO)<\/strong><br \/>\n5. Angels London (GBR)<br \/>\n6. Flyers Therwill (SUI)<br \/>\n7. Balleruop (DEN)<br \/>\n8. Nika-Dahl Univ. L. (UKR)<br \/>\n9. MKS Szostk Brezeg (POL)<br \/>\n10. BAT Paris (FRA)<\/p>\n<p><strong>EUROPEAN CUP WINNERS CUP WOMEN B DIVIZIJA<\/strong><br \/>\n<strong>XI. (B) Dupnitsa (BUL) &#8211; 2008,A\ufffdSeptember 1st &#8211; 6thA\ufffd<\/strong><\/p>\n<p><strong>1. Mladost Skorpions (CRO)<\/strong><br \/>\n2. Challengers Zurich (SUI)<br \/>\n3. Evriali Glyfadas (GRE)<br \/>\n4. Athletic Sofia (BUL)<br \/>\n5. Odense Giants (DEN)<br \/>\n<strong>EUROPEAN CUP WINNERS CUP MEN<\/strong><br \/>\n<strong>VII. Havlickuv Brod (CZE) &#8211; 2008,A\ufffdAugust 25th &#8211; 30th<\/strong><\/p>\n<p>1. Decos EHS A\ufffd (NED)<br \/>\n2. Hrosi Havlickuv Brod (CZE)<br \/>\n3. Horsholm BSK Hurricans (DEN)<br \/>\n4. Centrals HSV (NED)<br \/>\n5. Radotinsky SK (CZE)<br \/>\n6. BC Control Cobras (FRA)<br \/>\n7. Beverens Lions (BEL)<br \/>\n<strong>8. Princ Jarun (CRO)<\/strong><\/p>\n","protected":false},"excerpt":{"rendered":"<p>{:hr}Utakmice seniora 2008 Statistika seniora 2008 Utakmice seniorki 2008 Statistika seniorki 2008 Hrvatsko prvenstvo mladeA? konaA?ni poredak (2008) 1. Princ Plavi 10 2. Princ \u017duti 8 3. Mrki Medvedi 4 Novi Zagreb 4 Kona\u010dni poredak Hrvatsko prvenstvo Kadeti 2008 1. Mrki Medvedi (I) 8 2. Princ \u017duti 7 3. Princ Plavi 5 4. Novi Zagreb<\/p>\n<p class=\"readmore\"><a class=\"btn-readmore\" href=\"https:\/\/www.softball.hr\/en\/2008-2\/\">Continue Reading &rarr;<\/a><\/p>\n","protected":false},"author":18,"featured_media":0,"parent":0,"menu_order":0,"comment_status":"closed","ping_status":"closed","template":"","meta":[],"translation":{"provider":"WPGlobus","version":"2.6.5","language":"en","enabled_languages":["hr","en"],"languages":{"hr":{"title":true,"content":true,"excerpt":false},"en":{"title":false,"content":false,"excerpt":false}}},"_links":{"self":[{"href":"https:\/\/www.softball.hr\/en\/wp-json\/wp\/v2\/pages\/373"}],"collection":[{"href":"https:\/\/www.softball.hr\/en\/wp-json\/wp\/v2\/pages"}],"about":[{"href":"https:\/\/www.softball.hr\/en\/wp-json\/wp\/v2\/types\/page"}],"author":[{"embeddable":true,"href":"https:\/\/www.softball.hr\/en\/wp-json\/wp\/v2\/users\/18"}],"replies":[{"embeddable":true,"href":"https:\/\/www.softball.hr\/en\/wp-json\/wp\/v2\/comments?post=373"}],"version-history":[{"count":8,"href":"https:\/\/www.softball.hr\/en\/wp-json\/wp\/v2\/pages\/373\/revisions"}],"predecessor-version":[{"id":5286,"href":"https:\/\/www.softball.hr\/en\/wp-json\/wp\/v2\/pages\/373\/revisions\/5286"}],"wp:attachment":[{"href":"https:\/\/www.softball.hr\/en\/wp-json\/wp\/v2\/media?parent=373"}],"curies":[{"name":"wp","href":"https:\/\/api.w.org\/{rel}","templated":true}]}}